{"id":385,"date":"2018-01-25T11:27:24","date_gmt":"2018-01-25T11:27:24","guid":{"rendered":"http:\/\/shaaretsedek.nl\/?page_id=385"},"modified":"2022-02-16T20:22:59","modified_gmt":"2022-02-16T20:22:59","slug":"activiteiten","status":"publish","type":"page","link":"https:\/\/shaaretsedek.nl\/index.php\/activiteiten\/","title":{"rendered":"Activiteiten"},"content":{"rendered":"\t\t<div data-elementor-type=\"wp-page\" data-elementor-id=\"385\" class=\"elementor elementor-385\" data-elementor-settings=\"[]\">\n\t\t\t\t\t\t\t<div class=\"elementor-section-wrap\">\n\t\t\t\t\t\t\t<section class=\"elementor-section elementor-top-section elementor-element elementor-element-51205e01 elementor-section-boxed elementor-section-height-default elementor-section-height-default\" data-id=\"51205e01\" data-element_type=\"section\">\n\t\t\t\t\t\t<div class=\"elementor-container elementor-column-gap-default\">\n\t\t\t\t\t<div class=\"elementor-column elementor-col-100 elementor-top-column elementor-element elementor-element-4524af7d\" data-id=\"4524af7d\" data-element_type=\"column\">\n\t\t\t<div class=\"elementor-widget-wrap elementor-element-populated\">\n\t\t\t\t\t\t\t\t<div class=\"elementor-element elementor-element-3612837 elementor-widget elementor-widget-image\" data-id=\"3612837\" data-element_type=\"widget\" data-widget_type=\"image.default\">\n\t\t\t\t<div class=\"elementor-widget-container\">\n\t\t\t\t\t\t\t\t\t\t\t\t\t\t\t<img width=\"728\" height=\"1024\" src=\"https:\/\/shaaretsedek.nl\/wp-content\/uploads\/2022\/02\/PurimSem-Eng-728x1024.jpg\" class=\"attachment-large size-large\" alt=\"\" loading=\"lazy\" srcset=\"https:\/\/shaaretsedek.nl\/wp-content\/uploads\/2022\/02\/PurimSem-Eng-728x1024.jpg 728w, https:\/\/shaaretsedek.nl\/wp-content\/uploads\/2022\/02\/PurimSem-Eng-213x300.jpg 213w, https:\/\/shaaretsedek.nl\/wp-content\/uploads\/2022\/02\/PurimSem-Eng-768x1081.jpg 768w, https:\/\/shaaretsedek.nl\/wp-content\/uploads\/2022\/02\/PurimSem-Eng-1091x1536.jpg 1091w, https:\/\/shaaretsedek.nl\/wp-content\/uploads\/2022\/02\/PurimSem-Eng-1455x2048.jpg 1455w, https:\/\/shaaretsedek.nl\/wp-content\/uploads\/2022\/02\/PurimSem-Eng-scaled.jpg 1819w\" sizes=\"(max-width: 728px) 100vw, 728px\" \/>\t\t\t\t\t\t\t\t\t\t\t\t\t\t\t<\/div>\n\t\t\t\t<\/div>\n\t\t\t\t<div class=\"elementor-element elementor-element-0697ae8 elementor-widget elementor-widget-image\" data-id=\"0697ae8\" data-element_type=\"widget\" data-widget_type=\"image.default\">\n\t\t\t\t<div class=\"elementor-widget-container\">\n\t\t\t\t\t\t\t\t\t\t\t\t\t\t\t<img width=\"728\" height=\"1024\" src=\"https:\/\/shaaretsedek.nl\/wp-content\/uploads\/2022\/02\/PurimSem-Heb-728x1024.jpg\" class=\"attachment-large size-large\" alt=\"\" loading=\"lazy\" srcset=\"https:\/\/shaaretsedek.nl\/wp-content\/uploads\/2022\/02\/PurimSem-Heb-728x1024.jpg 728w, https:\/\/shaaretsedek.nl\/wp-content\/uploads\/2022\/02\/PurimSem-Heb-213x300.jpg 213w, https:\/\/shaaretsedek.nl\/wp-content\/uploads\/2022\/02\/PurimSem-Heb-768x1081.jpg 768w, https:\/\/shaaretsedek.nl\/wp-content\/uploads\/2022\/02\/PurimSem-Heb-1091x1536.jpg 1091w, https:\/\/shaaretsedek.nl\/wp-content\/uploads\/2022\/02\/PurimSem-Heb-1455x2048.jpg 1455w, https:\/\/shaaretsedek.nl\/wp-content\/uploads\/2022\/02\/PurimSem-Heb-scaled.jpg 1819w\" sizes=\"(max-width: 728px) 100vw, 728px\" \/>\t\t\t\t\t\t\t\t\t\t\t\t\t\t\t<\/div>\n\t\t\t\t<\/div>\n\t\t\t\t<div class=\"elementor-element elementor-element-16a26bdc elementor-widget elementor-widget-text-editor\" data-id=\"16a26bdc\" data-element_type=\"widget\" data-widget_type=\"text-editor.default\">\n\t\t\t\t<div class=\"elementor-widget-container\">\n\t\t\t\t\t\t\t&nbsp;\r\n\r\n<img loading=\"lazy\" class=\"wp-image-597 aligncenter\" src=\"http:\/\/shaaretsedek.nl\/wp-content\/uploads\/2018\/09\/2018-advertentie-jom-kippoer-212x300.jpg\" alt=\"\" width=\"675\" height=\"955\" srcset=\"https:\/\/shaaretsedek.nl\/wp-content\/uploads\/2018\/09\/2018-advertentie-jom-kippoer-212x300.jpg 212w, https:\/\/shaaretsedek.nl\/wp-content\/uploads\/2018\/09\/2018-advertentie-jom-kippoer.jpg 595w\" sizes=\"(max-width: 675px) 100vw, 675px\" \/>\r\n\r\n<strong>Hoofdlijnen van het actuele beleidsplan<\/strong>\r\nKennis, hulp en advies beschikbaar maken aan joden over het Jodendom, joodse normen en waarden, en leven volgens de joodse wetten. Waar in het verleden vooral grote activiteiten, zoals meerdaagse seminars, werden georganiseerd, is het op dit moment en de komende tijd de bedoeling om te focussen op kleinere activiteiten, zodat er vaker iets georganiseerd kan worden en er meer mensen bereikt kunnen worden. Er wordt in samenwerking met Arachim gewerkt aan een plan om vanaf het najaar van 2018 maandelijks een lezing of workshop te laten plaatsvinden voor afwisselende specifieke doelgroepen, zoals bijvoorbeeld gezinnen of studenten. Daarnaast wordt er doorgegaan met de dagelijkse joodse lessen in groepsverband en op \u00e9\u00e9n-op-\u00e9en basis.\r\nStichting Sha&#8217;ar\u00e9 Tsedek heeft het maken van winst uitdrukkelijk niet ten doel. Er wordt zoveel mogelijk gewerkt met vrijwilligers. De kosten van de organisatie worden uitsluitend door giften gedekt.\r\n\r\n<strong>Activiteiten<\/strong>\r\nDe afgelopen jaren hebben honderden mensen kunnen genieten van de door Stichting Sha&#8217;ar\u00e9 Tsedek georganiseerde seminars, lezingen, workshops, groepsdiscussies, enz. Op dit moment vinden er voornamelijk kleinere activiteiten plaats. Op deze manier kunnen wij onze diensten persoonlijker maken en meer mensen bereiken. Dagelijks worden er door vrijwilligers joodse lessen gegeven, zowel in groepsverband als op \u00e9\u00e9n-op \u00e9\u00e9n basis. Incidenteel vindt er een lezing plaats, meestal in een gezellige setting met een maaltijd of iets lekkers erbij. Voor de joodse feestdagen worden er regelmatig gastsprekers of voorzangers uit het buitenland uitgenodigd. Verder wordt er veel gebruik gemaakt van de verschillende expertises van onze en de vele aan Arachim verbonden vrijwilligers voor alles wat betrekking heeft op het Jodendom, zij het voor inhoudelijke vragen over de Tora en joodse wetten, alsmede voor hulp, advies en bemiddeling inzake alles wat betrekking heeft op het joodse leven.\t\t\t\t\t\t<\/div>\n\t\t\t\t<\/div>\n\t\t\t\t\t<\/div>\n\t\t<\/div>\n\t\t\t\t\t\t\t<\/div>\n\t\t<\/section>\n\t\t\t\t\t\t<\/div>\n\t\t\t\t\t<\/div>\n\t\t","protected":false},"excerpt":{"rendered":"<p>&nbsp; Hoofdlijnen van het actuele beleidsplan Kennis, hulp en advies beschikbaar maken aan joden over het Jodendom, joodse normen en waarden, en leven volgens de joodse wetten. Waar in het verleden vooral grote activiteiten, zoals meerdaagse seminars, werden georganiseerd, is het op dit moment en de komende tijd de bedoeling om te focussen op kleinere [&hellip;]<\/p>\n","protected":false},"author":1,"featured_media":0,"parent":0,"menu_order":0,"comment_status":"open","ping_status":"open","template":"","meta":[],"_links":{"self":[{"href":"https:\/\/shaaretsedek.nl\/index.php\/wp-json\/wp\/v2\/pages\/385"}],"collection":[{"href":"https:\/\/shaaretsedek.nl\/index.php\/wp-json\/wp\/v2\/pages"}],"about":[{"href":"https:\/\/shaaretsedek.nl\/index.php\/wp-json\/wp\/v2\/types\/page"}],"author":[{"embeddable":true,"href":"https:\/\/shaaretsedek.nl\/index.php\/wp-json\/wp\/v2\/users\/1"}],"replies":[{"embeddable":true,"href":"https:\/\/shaaretsedek.nl\/index.php\/wp-json\/wp\/v2\/comments?post=385"}],"version-history":[{"count":26,"href":"https:\/\/shaaretsedek.nl\/index.php\/wp-json\/wp\/v2\/pages\/385\/revisions"}],"predecessor-version":[{"id":734,"href":"https:\/\/shaaretsedek.nl\/index.php\/wp-json\/wp\/v2\/pages\/385\/revisions\/734"}],"wp:attachment":[{"href":"https:\/\/shaaretsedek.nl\/index.php\/wp-json\/wp\/v2\/media?parent=385"}],"curies":[{"name":"wp","href":"https:\/\/api.w.org\/{rel}","templated":true}]}}